{"id":5614,"date":"2025-08-18T13:48:21","date_gmt":"2025-08-18T11:48:21","guid":{"rendered":"https:\/\/www.primo1d.com\/politique-en-matiere-de-cookies\/"},"modified":"2025-08-18T13:48:21","modified_gmt":"2025-08-18T11:48:21","slug":"politique-en-matiere-de-cookies","status":"publish","type":"page","link":"https:\/\/www.primo1d.com\/fr\/politique-en-matiere-de-cookies\/","title":{"rendered":"Politique en mati\u00e8re de cookies"},"content":{"rendered":"\t\t<div data-elementor-type=\"wp-page\" data-elementor-id=\"5614\" class=\"elementor elementor-5614 elementor-4836\" data-elementor-post-type=\"page\">\n\t\t\t\t<div class=\"elementor-element elementor-element-f0897fe e-flex e-con-boxed e-con e-parent\" data-id=\"f0897fe\" data-element_type=\"container\" data-e-type=\"container\">\n\t\t\t\t\t<div class=\"e-con-inner\">\n\t\t\t\t\t<\/div>\n\t\t\t\t<\/div>\n\t\t<div class=\"elementor-element elementor-element-1b0d13a7 e-flex e-con-boxed e-con e-parent\" data-id=\"1b0d13a7\" data-element_type=\"container\" data-e-type=\"container\" data-settings=\"{&quot;background_background&quot;:&quot;classic&quot;}\">\n\t\t\t\t\t<div class=\"e-con-inner\">\n\t\t<div class=\"elementor-element elementor-element-a16cc52 e-con-full e-flex e-con e-child\" data-id=\"a16cc52\" data-element_type=\"container\" data-e-type=\"container\">\n\t\t\t\t<div class=\"elementor-element elementor-element-1a87b689 elementor-widget__width-initial elementor-widget elementor-widget-heading\" data-id=\"1a87b689\" data-element_type=\"widget\" data-e-type=\"widget\" data-widget_type=\"heading.default\">\n\t\t\t\t<div class=\"elementor-widget-container\">\n\t\t\t\t\t<h1 class=\"elementor-heading-title elementor-size-default\">Politique en mati\u00e8re de cookies<\/h1>\t\t\t\t<\/div>\n\t\t\t\t<\/div>\n\t\t\t\t<\/div>\n\t\t\t\t\t<\/div>\n\t\t\t\t<\/div>\n\t\t<div class=\"elementor-element elementor-element-9debdbb e-flex e-con-boxed e-con e-parent\" data-id=\"9debdbb\" data-element_type=\"container\" data-e-type=\"container\">\n\t\t\t\t\t<div class=\"e-con-inner\">\n\t\t\t\t<div class=\"elementor-element elementor-element-b51df51 elementor-widget elementor-widget-text-editor\" data-id=\"b51df51\" data-element_type=\"widget\" data-e-type=\"widget\" data-widget_type=\"text-editor.default\">\n\t\t\t\t<div class=\"elementor-widget-container\">\n\t\t\t\t\t\t\t\t\t<p>Les donn\u00e9es personnelles peuvent \u00eatre collect\u00e9es pour permettre l&rsquo;acc\u00e8s au site, pour recruter, et pour respecter les obligations l\u00e9gales. Ces donn\u00e9es sont, si n\u00e9cessaire, enregistr\u00e9es dans un fichier num\u00e9rique par le service administratif et ne seront trait\u00e9es que dans le cadre pour lequel vous les avez transmises. Dans le cas contraire, elles seront d\u00e9truites.<\/p><br><p>Vos donn\u00e9es personnelles sont conserv\u00e9es pendant une dur\u00e9e maximale de 2 ans, sauf si une dur\u00e9e de conservation plus longue est autoris\u00e9e ou impos\u00e9e par une obligation l\u00e9gale.<\/p><br><p>Pendant cette p\u00e9riode, tous les moyens sont mis en \u0153uvre pour assurer la confidentialit\u00e9 et la s\u00e9curit\u00e9 de vos donn\u00e9es personnelles, afin d&rsquo;\u00e9viter tout dommage, effacement ou acc\u00e8s par des tiers non autoris\u00e9s.<\/p><br><p>L&rsquo;acc\u00e8s \u00e0 vos donn\u00e9es personnelles est strictement limit\u00e9 aux employ\u00e9s et partenaires potentiels (tels que les cabinets de recrutement, les cabinets d&rsquo;avocats) de Primo1D. Ces partenaires sont soumis \u00e0 une obligation de confidentialit\u00e9 et ne peuvent utiliser vos donn\u00e9es que conform\u00e9ment \u00e0 la l\u00e9gislation en vigueur. Sauf dans les cas pr\u00e9vus ci-dessus, nous ne vendrons, ne louerons, ne c\u00e9derons ni ne donnerons acc\u00e8s \u00e0 vos donn\u00e9es \u00e0 des tiers sans votre consentement pr\u00e9alable, sauf si nous y sommes contraints pour une raison l\u00e9gitime.<\/p><br><p>Conform\u00e9ment \u00e0 la loi \u00ab Informatique et Libert\u00e9s \u00bb du 6 janvier 1978 modifi\u00e9e et au r\u00e8glement europ\u00e9en n\u00b0 2016\/679\/UE du 27 avril 2016 (applicable \u00e0 partir du 25 mai 2018), vous disposez d&rsquo;un droit d&rsquo;acc\u00e8s, de rectification, de portabilit\u00e9, d&rsquo;effacement et de limitation du traitement de vos donn\u00e9es. Vous pouvez \u00e9galement, pour des raisons l\u00e9gitimes, vous opposer au traitement de vos donn\u00e9es. Vous pouvez, sous r\u00e9serve de la production d&rsquo;une preuve d&rsquo;identit\u00e9 valide, exercer vos droits en contactant Emmanuel ARENE par e-mail \u00e0 l&rsquo;adresse emmanuel.arene@primo1d.com.<\/p>\t\t\t\t\t\t\t\t<\/div>\n\t\t\t\t<\/div>\n\t\t\t\t\t<\/div>\n\t\t\t\t<\/div>\n\t\t\t\t<\/div>\n\t\t","protected":false},"excerpt":{"rendered":"<p>Politique en mati\u00e8re de cookies Les donn\u00e9es personnelles peuvent \u00eatre collect\u00e9es pour permettre l&rsquo;acc\u00e8s au site, pour recruter, et pour [&hellip;]<\/p>\n","protected":false},"author":5,"featured_media":0,"parent":0,"menu_order":13,"comment_status":"closed","ping_status":"closed","template":"","meta":{"_acf_changed":false,"content-type":"","site-sidebar-layout":"no-sidebar","site-content-layout":"page-builder","ast-site-content-layout":"full-width-container","site-content-style":"default","site-sidebar-style":"default","ast-global-header-display":"","ast-banner-title-visibility":"","ast-main-header-display":"","ast-hfb-above-header-display":"","ast-hfb-below-header-display":"","ast-hfb-mobile-header-display":"","site-post-title":"disabled","ast-breadcrumbs-content":"","ast-featured-img":"disabled","footer-sml-layout":"","theme-transparent-header-meta":"default","adv-header-id-meta":"","stick-header-meta":"","header-above-stick-meta":"","header-main-stick-meta":"","header-below-stick-meta":"","astra-migrate-meta-layouts":"default","ast-page-background-enabled":"default","ast-page-background-meta":{"desktop":{"background-color":"var(--ast-global-color-5)","background-image":"","background-repeat":"repeat","background-position":"center center","background-size":"auto","background-attachment":"scroll","background-type":"","background-media":"","overlay-type":"","overlay-color":"","overlay-opacity":"","overlay-gradient":""},"tablet":{"background-color":"","background-image":"","background-repeat":"repeat","background-position":"center center","background-size":"auto","background-attachment":"scroll","background-type":"","background-media":"","overlay-type":"","overlay-color":"","overlay-opacity":"","overlay-gradient":""},"mobile":{"background-color":"","background-image":"","background-repeat":"repeat","background-position":"center center","background-size":"auto","background-attachment":"scroll","background-type":"","background-media":"","overlay-type":"","overlay-color":"","overlay-opacity":"","overlay-gradient":""}},"ast-content-background-meta":{"desktop":{"background-color":"var(--ast-global-color-4)","background-image":"","background-repeat":"repeat","background-position":"center center","background-size":"auto","background-attachment":"scroll","background-type":"","background-media":"","overlay-type":"","overlay-color":"","overlay-opacity":"","overlay-gradient":""},"tablet":{"background-color":"var(--ast-global-color-4)","background-image":"","background-repeat":"repeat","background-position":"center center","background-size":"auto","background-attachment":"scroll","background-type":"","background-media":"","overlay-type":"","overlay-color":"","overlay-opacity":"","overlay-gradient":""},"mobile":{"background-color":"var(--ast-global-color-4)","background-image":"","background-repeat":"repeat","background-position":"center center","background-size":"auto","background-attachment":"scroll","background-type":"","background-media":"","overlay-type":"","overlay-color":"","overlay-opacity":"","overlay-gradient":""}},"footnotes":""},"class_list":["post-5614","page","type-page","status-publish","hentry"],"acf":[],"yoast_head":"<!-- This site is optimized with the Yoast SEO plugin v27.3 - https:\/\/yoast.com\/product\/yoast-seo-wordpress\/ -->\n<title>Politique en mati\u00e8re de cookies - Primo1D<\/title>\n<meta name=\"robots\" content=\"noindex, follow\" \/>\n<meta property=\"og:locale\" content=\"fr_FR\" \/>\n<meta property=\"og:type\" content=\"article\" \/>\n<meta property=\"og:title\" content=\"Politique en mati\u00e8re de cookies - Primo1D\" \/>\n<meta property=\"og:description\" content=\"Politique en mati\u00e8re de cookies Les donn\u00e9es personnelles peuvent \u00eatre collect\u00e9es pour permettre l&rsquo;acc\u00e8s au site, pour recruter, et pour [&hellip;]\" \/>\n<meta property=\"og:url\" content=\"https:\/\/www.primo1d.com\/cookie-policy-2\/\" \/>\n<meta property=\"og:site_name\" content=\"Primo1D\" \/>\n<meta name=\"twitter:card\" content=\"summary_large_image\" \/>\n<meta name=\"twitter:site\" content=\"@primo1dsas\" \/>\n<meta name=\"twitter:label1\" content=\"Dur\u00e9e de lecture estim\u00e9e\" \/>\n\t<meta name=\"twitter:data1\" content=\"2 minutes\" \/>\n<script type=\"application\/ld+json\" class=\"yoast-schema-graph\">{\"@context\":\"https:\\\/\\\/schema.org\",\"@graph\":[{\"@type\":\"WebPage\",\"@id\":\"https:\\\/\\\/www.primo1d.com\\\/cookie-policy-2\\\/\",\"url\":\"https:\\\/\\\/www.primo1d.com\\\/cookie-policy-2\\\/\",\"name\":\"Politique en mati\u00e8re de cookies - Primo1D\",\"isPartOf\":{\"@id\":\"https:\\\/\\\/www.primo1d.com\\\/#website\"},\"datePublished\":\"2025-08-18T11:48:21+00:00\",\"breadcrumb\":{\"@id\":\"https:\\\/\\\/www.primo1d.com\\\/cookie-policy-2\\\/#breadcrumb\"},\"inLanguage\":\"fr-FR\",\"potentialAction\":[{\"@type\":\"ReadAction\",\"target\":[\"https:\\\/\\\/www.primo1d.com\\\/cookie-policy-2\\\/\"]}]},{\"@type\":\"BreadcrumbList\",\"@id\":\"https:\\\/\\\/www.primo1d.com\\\/cookie-policy-2\\\/#breadcrumb\",\"itemListElement\":[{\"@type\":\"ListItem\",\"position\":1,\"name\":\"Home\",\"item\":\"https:\\\/\\\/www.primo1d.com\\\/\"},{\"@type\":\"ListItem\",\"position\":2,\"name\":\"Politique en mati\u00e8re de cookies\"}]},{\"@type\":\"WebSite\",\"@id\":\"https:\\\/\\\/www.primo1d.com\\\/#website\",\"url\":\"https:\\\/\\\/www.primo1d.com\\\/\",\"name\":\"Primo1D\",\"description\":\"We design, manufacture, and market a range of embedded and passive rain RFID (UHF) tags, based on our E-Thread\u2122 technology and tailored to meet our customer needs.\",\"publisher\":{\"@id\":\"https:\\\/\\\/www.primo1d.com\\\/#organization\"},\"potentialAction\":[{\"@type\":\"SearchAction\",\"target\":{\"@type\":\"EntryPoint\",\"urlTemplate\":\"https:\\\/\\\/www.primo1d.com\\\/?s={search_term_string}\"},\"query-input\":{\"@type\":\"PropertyValueSpecification\",\"valueRequired\":true,\"valueName\":\"search_term_string\"}}],\"inLanguage\":\"fr-FR\"},{\"@type\":\"Organization\",\"@id\":\"https:\\\/\\\/www.primo1d.com\\\/#organization\",\"name\":\"Primo1D\",\"url\":\"https:\\\/\\\/www.primo1d.com\\\/\",\"logo\":{\"@type\":\"ImageObject\",\"inLanguage\":\"fr-FR\",\"@id\":\"https:\\\/\\\/www.primo1d.com\\\/#\\\/schema\\\/logo\\\/image\\\/\",\"url\":\"https:\\\/\\\/www.primo1d.com\\\/wp-content\\\/uploads\\\/2025\\\/07\\\/cropped-cropped-logo-primo1d.jpg\",\"contentUrl\":\"https:\\\/\\\/www.primo1d.com\\\/wp-content\\\/uploads\\\/2025\\\/07\\\/cropped-cropped-logo-primo1d.jpg\",\"width\":512,\"height\":205,\"caption\":\"Primo1D\"},\"image\":{\"@id\":\"https:\\\/\\\/www.primo1d.com\\\/#\\\/schema\\\/logo\\\/image\\\/\"},\"sameAs\":[\"https:\\\/\\\/x.com\\\/primo1dsas\",\"https:\\\/\\\/www.linkedin.com\\\/company\\\/primo-1d\"]}]}<\/script>\n<!-- \/ Yoast SEO plugin. -->","yoast_head_json":{"title":"Politique en mati\u00e8re de cookies - Primo1D","robots":{"index":"noindex","follow":"follow"},"og_locale":"fr_FR","og_type":"article","og_title":"Politique en mati\u00e8re de cookies - Primo1D","og_description":"Politique en mati\u00e8re de cookies Les donn\u00e9es personnelles peuvent \u00eatre collect\u00e9es pour permettre l&rsquo;acc\u00e8s au site, pour recruter, et pour [&hellip;]","og_url":"https:\/\/www.primo1d.com\/cookie-policy-2\/","og_site_name":"Primo1D","twitter_card":"summary_large_image","twitter_site":"@primo1dsas","twitter_misc":{"Dur\u00e9e de lecture estim\u00e9e":"2 minutes"},"schema":{"@context":"https:\/\/schema.org","@graph":[{"@type":"WebPage","@id":"https:\/\/www.primo1d.com\/cookie-policy-2\/","url":"https:\/\/www.primo1d.com\/cookie-policy-2\/","name":"Politique en mati\u00e8re de cookies - Primo1D","isPartOf":{"@id":"https:\/\/www.primo1d.com\/#website"},"datePublished":"2025-08-18T11:48:21+00:00","breadcrumb":{"@id":"https:\/\/www.primo1d.com\/cookie-policy-2\/#breadcrumb"},"inLanguage":"fr-FR","potentialAction":[{"@type":"ReadAction","target":["https:\/\/www.primo1d.com\/cookie-policy-2\/"]}]},{"@type":"BreadcrumbList","@id":"https:\/\/www.primo1d.com\/cookie-policy-2\/#breadcrumb","itemListElement":[{"@type":"ListItem","position":1,"name":"Home","item":"https:\/\/www.primo1d.com\/"},{"@type":"ListItem","position":2,"name":"Politique en mati\u00e8re de cookies"}]},{"@type":"WebSite","@id":"https:\/\/www.primo1d.com\/#website","url":"https:\/\/www.primo1d.com\/","name":"Primo1D","description":"We design, manufacture, and market a range of embedded and passive rain RFID (UHF) tags, based on our E-Thread\u2122 technology and tailored to meet our customer needs.","publisher":{"@id":"https:\/\/www.primo1d.com\/#organization"},"potentialAction":[{"@type":"SearchAction","target":{"@type":"EntryPoint","urlTemplate":"https:\/\/www.primo1d.com\/?s={search_term_string}"},"query-input":{"@type":"PropertyValueSpecification","valueRequired":true,"valueName":"search_term_string"}}],"inLanguage":"fr-FR"},{"@type":"Organization","@id":"https:\/\/www.primo1d.com\/#organization","name":"Primo1D","url":"https:\/\/www.primo1d.com\/","logo":{"@type":"ImageObject","inLanguage":"fr-FR","@id":"https:\/\/www.primo1d.com\/#\/schema\/logo\/image\/","url":"https:\/\/www.primo1d.com\/wp-content\/uploads\/2025\/07\/cropped-cropped-logo-primo1d.jpg","contentUrl":"https:\/\/www.primo1d.com\/wp-content\/uploads\/2025\/07\/cropped-cropped-logo-primo1d.jpg","width":512,"height":205,"caption":"Primo1D"},"image":{"@id":"https:\/\/www.primo1d.com\/#\/schema\/logo\/image\/"},"sameAs":["https:\/\/x.com\/primo1dsas","https:\/\/www.linkedin.com\/company\/primo-1d"]}]}},"jetpack_sharing_enabled":true,"_links":{"self":[{"href":"https:\/\/www.primo1d.com\/fr\/wp-json\/wp\/v2\/pages\/5614","targetHints":{"allow":["GET"]}}],"collection":[{"href":"https:\/\/www.primo1d.com\/fr\/wp-json\/wp\/v2\/pages"}],"about":[{"href":"https:\/\/www.primo1d.com\/fr\/wp-json\/wp\/v2\/types\/page"}],"author":[{"embeddable":true,"href":"https:\/\/www.primo1d.com\/fr\/wp-json\/wp\/v2\/users\/5"}],"replies":[{"embeddable":true,"href":"https:\/\/www.primo1d.com\/fr\/wp-json\/wp\/v2\/comments?post=5614"}],"version-history":[{"count":1,"href":"https:\/\/www.primo1d.com\/fr\/wp-json\/wp\/v2\/pages\/5614\/revisions"}],"predecessor-version":[{"id":5615,"href":"https:\/\/www.primo1d.com\/fr\/wp-json\/wp\/v2\/pages\/5614\/revisions\/5615"}],"wp:attachment":[{"href":"https:\/\/www.primo1d.com\/fr\/wp-json\/wp\/v2\/media?parent=5614"}],"curies":[{"name":"wp","href":"https:\/\/api.w.org\/{rel}","templated":true}]}}